{"id":216,"date":"2021-02-02T18:25:58","date_gmt":"2021-02-02T18:25:58","guid":{"rendered":"http:\/\/vincentbressac.com\/?page_id=216"},"modified":"2021-08-19T13:26:30","modified_gmt":"2021-08-19T13:26:30","slug":"coach-professionnel-certifie","status":"publish","type":"page","link":"https:\/\/vincentbressac.com\/?page_id=216","title":{"rendered":"Coach professionnel certifi\u00e9"},"content":{"rendered":"\n<p class=\"has-luminous-vivid-orange-color has-very-light-gray-background-color has-text-color has-background\" style=\"font-size:24px\"><strong>Coaching individuel et collectif. Certifi\u00e9, RNCP <\/strong><\/p>\n\n\n\n<p class=\"has-cyan-bluish-gray-background-color has-background has-medium-font-size\"><strong>Coaching professionnel individuel :<\/strong> dirigeants, \u00e9lus, cadres d&rsquo;entreprises ou collectivit\u00e9s territoriales. <\/p>\n\n\n\n<p class=\"has-cyan-bluish-gray-background-color has-background has-medium-font-size\"><strong>Missions :<\/strong> D\u00e9velopper les comp\u00e9tences relationnelles, la vision, la capacit\u00e9 d&rsquo;adaptation, la r\u00e9sistance au changement, \u00e0 l&rsquo;incertitude et au stress, travail sur le leadership. <\/p>\n\n\n\n<p class=\"has-cyan-bluish-gray-background-color has-background has-medium-font-size\"><strong>R\u00e9f\u00e9rences <\/strong>: Mairie de Tours, Conseil d\u00e9partemental du Haut Rhin, dirigeants d&rsquo;entreprise, cadres d\u2019entreprises, particuliers, \u00e9tudiants&#8230; <\/p>\n\n\n\n<figure class=\"wp-block-image size-large is-resized\"><img loading=\"lazy\" decoding=\"async\" src=\"http:\/\/vincentbressac.com\/wp-content\/uploads\/2021\/02\/rando-vars-1024x341.jpg\" alt=\"\" class=\"wp-image-379\" width=\"586\" height=\"195\" srcset=\"https:\/\/vincentbressac.com\/wp-content\/uploads\/2021\/02\/rando-vars-1024x341.jpg 1024w, https:\/\/vincentbressac.com\/wp-content\/uploads\/2021\/02\/rando-vars-300x100.jpg 300w, https:\/\/vincentbressac.com\/wp-content\/uploads\/2021\/02\/rando-vars-768x255.jpg 768w, https:\/\/vincentbressac.com\/wp-content\/uploads\/2021\/02\/rando-vars-1536x511.jpg 1536w, https:\/\/vincentbressac.com\/wp-content\/uploads\/2021\/02\/rando-vars-2048x681.jpg 2048w, https:\/\/vincentbressac.com\/wp-content\/uploads\/2021\/02\/rando-vars-1140x380.jpg 1140w\" sizes=\"(max-width: 586px) 100vw, 586px\" \/><\/figure>\n\n\n\n<p><em><span class=\"\">\u201cJe vous remercie de tout c\u0153ur de m&rsquo;avoir accompagn\u00e9e dans cette phase professionnelle vraiment difficile et permis ainsi gr\u00e2ce \u00e0 nos \u00e9changes de tenir \u00e0 mon poste et me tenant \u00e0 une juste distance\u201d<\/span>. (Anne &#8211; Chef de service &#8211; CD Bas Rhin).&nbsp;<\/em><\/p>\n\n\n\n<p class=\"has-cyan-bluish-gray-background-color has-background has-medium-font-size\"><strong>Coaching d&rsquo;\u00e9quipe :<\/strong> accompagnement du changement, design thinking (IRIS cr\u00e9ativit\u00e9), cod\u00e9veloppement (IFOD), management des situations sensibles, relance de dynamiques collectives. <\/p>\n\n\n\n<p><a href=\"http:\/\/vincentbressac.com\/wp-content\/uploads\/2021\/02\/IFOD-Certification-coach.pdf\">IFOD Certification coach professionnel RNCP<\/a><\/p>\n<p><a href=\"http:\/\/vincentbressac.com\/wp-content\/uploads\/2021\/02\/Charte-EMCC.pdf\">Charte de d\u00e9ontologie EMCC que j&rsquo;ai sign\u00e9e<\/a><\/p>\n","protected":false},"excerpt":{"rendered":"<p>Coaching individuel et collectif. Certifi\u00e9, RNCP Coaching professionnel individuel : dirigeants, \u00e9lus, cadres d&rsquo;entreprises ou collectivit\u00e9s territoriales. Missions : D\u00e9velopper les comp\u00e9tences relationnelles, la vision, la capacit\u00e9 d&rsquo;adaptation, la r\u00e9sistance au changement, \u00e0 l&rsquo;incertitude et au stress, travail sur le leadership. R\u00e9f\u00e9rences : Mairie de Tours, Conseil d\u00e9partemental du Haut Rhin, dirigeants d&rsquo;entreprise, cadres d\u2019entreprises, [&hellip;]<\/p>\n","protected":false},"author":1,"featured_media":0,"parent":0,"menu_order":0,"comment_status":"closed","ping_status":"closed","template":"","meta":{"footnotes":""},"_links":{"self":[{"href":"https:\/\/vincentbressac.com\/index.php?rest_route=\/wp\/v2\/pages\/216"}],"collection":[{"href":"https:\/\/vincentbressac.com\/index.php?rest_route=\/wp\/v2\/pages"}],"about":[{"href":"https:\/\/vincentbressac.com\/index.php?rest_route=\/wp\/v2\/types\/page"}],"author":[{"embeddable":true,"href":"https:\/\/vincentbressac.com\/index.php?rest_route=\/wp\/v2\/users\/1"}],"replies":[{"embeddable":true,"href":"https:\/\/vincentbressac.com\/index.php?rest_route=%2Fwp%2Fv2%2Fcomments&post=216"}],"version-history":[{"count":12,"href":"https:\/\/vincentbressac.com\/index.php?rest_route=\/wp\/v2\/pages\/216\/revisions"}],"predecessor-version":[{"id":607,"href":"https:\/\/vincentbressac.com\/index.php?rest_route=\/wp\/v2\/pages\/216\/revisions\/607"}],"wp:attachment":[{"href":"https:\/\/vincentbressac.com\/index.php?rest_route=%2Fwp%2Fv2%2Fmedia&parent=216"}],"curies":[{"name":"wp","href":"https:\/\/api.w.org\/{rel}","templated":true}]}}