{"id":88,"date":"2016-05-03T15:03:01","date_gmt":"2016-05-03T15:03:01","guid":{"rendered":"http:\/\/vincentbressac.com\/?page_id=88"},"modified":"2021-08-19T13:19:44","modified_gmt":"2021-08-19T13:19:44","slug":"favoris","status":"publish","type":"page","link":"https:\/\/vincentbressac.com\/?page_id=88","title":{"rendered":"Mes liens favoris"},"content":{"rendered":"<h2><span style=\"color: #ff6600;\">Voici quelques liens qui comptent pour moi, clients, convictions, amis ou tout simplement coups de c\u0153ur. A d\u00e9battre.<\/span><\/h2>\n<p><span style=\"color: #000000;\"><a style=\"color: #000000;\" href=\"http:\/\/www.ecoledubudo.com\/\">Ecole du Budo \u00e0 Tours<\/a><\/span><\/p>\n<p><span style=\"color: #000000;\"><a style=\"color: #000000;\" href=\"http:\/\/www.cjd.net\/\">Centre des jeunes dirigeants d&rsquo;entreprise<\/a><\/span><\/p>\n<p><span style=\"color: #000000;\"><a style=\"color: #000000;\" href=\"http:\/\/www.cnfpt.fr\">CNFPT <\/a><\/span><\/p>\n<p><span style=\"color: #000000;\"><a style=\"color: #000000;\" href=\"http:\/\/www.emlv.fr\">P\u00f4le universitaire L\u00e9onard de Vinci<\/a><\/span><\/p>\n<p><span style=\"color: #000000;\"><a style=\"color: #000000;\" href=\"https:\/\/www.youtube.com\/watch?v=YY-fv_ZelPE\">Ne renoncez \u00e0 rien&#8230; Billet de Fran\u00e7ois Morel sur France inter<\/a><\/span><\/p>\n<p><span style=\"color: #000000;\"><a style=\"color: #000000;\" href=\"https:\/\/www.youtube.com\/watch?v=5JvVf1piHXg\">Notre futur vu par une adolescente&#8230; <\/a><\/span><\/p>\n<p><span style=\"color: #000000;\"><a style=\"color: #000000;\" href=\"http:\/\/savoure-ebeniste.fr\/\">Charles-Henri Savour\u00e9, \u00e9b\u00e9niste et ami<\/a><\/span><\/p>\n<p><span style=\"color: #000000;\"><a style=\"color: #000000;\" href=\"http:\/\/ww.club-presse-valdeloire.com\">Club de la presse Centre Val de Loire<\/a><\/span><\/p>\n<p><span style=\"color: #000000;\"><a style=\"color: #000000;\" href=\"https:\/\/www.savoirvivre.today\/\">https:\/\/www.savoirvivre.today\/<\/a><\/span><\/p>\n<p><a href=\"https:\/\/www.emccfrance.org\"><span style=\"color: #000000;\">EMCC<\/span> <\/a><\/p>\n<p><span style=\"color: #000000;\"><a href=\"https:\/\/www.espacetransitions.com\/\">Espace transition (\u00e9cole de coaching)<\/a> <br \/><\/span><\/p>\n<p><a href=\"https:\/\/www.ifod.fr\/\">https:\/\/www.ifod.fr\/<\/a><\/p>\n<p><a href=\"https:\/\/rcf.fr\/embed\/1847792\">Interview\u00e9 sur la la\u00efcit\u00e9 par la JCE de Tours ; je suis formateur sur cette politique<\/a><\/p>\n\n","protected":false},"excerpt":{"rendered":"<p>Voici quelques liens qui comptent pour moi, clients, convictions, amis ou tout simplement coups de c\u0153ur. A d\u00e9battre. Ecole du Budo \u00e0 Tours Centre des jeunes dirigeants d&rsquo;entreprise CNFPT P\u00f4le universitaire L\u00e9onard de Vinci Ne renoncez \u00e0 rien&#8230; Billet de Fran\u00e7ois Morel sur France inter Notre futur vu par une adolescente&#8230; Charles-Henri Savour\u00e9, \u00e9b\u00e9niste et [&hellip;]<\/p>\n","protected":false},"author":1,"featured_media":0,"parent":0,"menu_order":0,"comment_status":"closed","ping_status":"closed","template":"","meta":{"footnotes":""},"_links":{"self":[{"href":"https:\/\/vincentbressac.com\/index.php?rest_route=\/wp\/v2\/pages\/88"}],"collection":[{"href":"https:\/\/vincentbressac.com\/index.php?rest_route=\/wp\/v2\/pages"}],"about":[{"href":"https:\/\/vincentbressac.com\/index.php?rest_route=\/wp\/v2\/types\/page"}],"author":[{"embeddable":true,"href":"https:\/\/vincentbressac.com\/index.php?rest_route=\/wp\/v2\/users\/1"}],"replies":[{"embeddable":true,"href":"https:\/\/vincentbressac.com\/index.php?rest_route=%2Fwp%2Fv2%2Fcomments&post=88"}],"version-history":[{"count":24,"href":"https:\/\/vincentbressac.com\/index.php?rest_route=\/wp\/v2\/pages\/88\/revisions"}],"predecessor-version":[{"id":604,"href":"https:\/\/vincentbressac.com\/index.php?rest_route=\/wp\/v2\/pages\/88\/revisions\/604"}],"wp:attachment":[{"href":"https:\/\/vincentbressac.com\/index.php?rest_route=%2Fwp%2Fv2%2Fmedia&parent=88"}],"curies":[{"name":"wp","href":"https:\/\/api.w.org\/{rel}","templated":true}]}}